{"id":14,"date":"2023-02-22T04:35:24","date_gmt":"2023-02-22T04:35:24","guid":{"rendered":"https:\/\/boson.formimpact.site\/index.php\/home\/"},"modified":"2023-11-08T17:04:50","modified_gmt":"2023-11-08T16:04:50","slug":"home","status":"publish","type":"page","link":"https:\/\/boson.formimpact.site\/","title":{"rendered":"Home"},"content":{"rendered":"\t\t<div data-elementor-type=\"wp-page\" data-elementor-id=\"14\" class=\"elementor elementor-14\">\n\t\t\t\t\t\t\t<div class=\"elementor-element elementor-element-161d05e e-flex e-con-boxed e-con e-parent\" data-id=\"161d05e\" data-element_type=\"container\" data-settings=\"{&quot;content_width&quot;:&quot;boxed&quot;}\" data-core-v316-plus=\"true\">\n\t\t\t\t\t<div class=\"e-con-inner\">\n\t\t\t\t<div class=\"elementor-element elementor-element-064ad53 elementor-widget elementor-widget-image\" data-id=\"064ad53\" data-element_type=\"widget\" data-widget_type=\"image.default\">\n\t\t\t\t<div class=\"elementor-widget-container\">\n\t\t\t<style>\/*! elementor - v3.18.0 - 20-12-2023 *\/\n.elementor-widget-image{text-align:center}.elementor-widget-image a{display:inline-block}.elementor-widget-image a img[src$=\".svg\"]{width:48px}.elementor-widget-image img{vertical-align:middle;display:inline-block}<\/style>\t\t\t\t\t\t\t\t\t\t\t\t<img fetchpriority=\"high\" decoding=\"async\" width=\"300\" height=\"244\" src=\"https:\/\/boson.formimpact.site\/wp-content\/uploads\/2023\/11\/bell-amande-300x244.png\" class=\"attachment-medium size-medium wp-image-488\" alt=\"\" srcset=\"https:\/\/boson.formimpact.site\/wp-content\/uploads\/2023\/11\/bell-amande-300x244.png 300w, https:\/\/boson.formimpact.site\/wp-content\/uploads\/2023\/11\/bell-amande-1024x832.png 1024w, https:\/\/boson.formimpact.site\/wp-content\/uploads\/2023\/11\/bell-amande-768x624.png 768w, https:\/\/boson.formimpact.site\/wp-content\/uploads\/2023\/11\/bell-amande.png 1180w\" sizes=\"(max-width: 300px) 100vw, 300px\" \/>\t\t\t\t\t\t\t\t\t\t\t\t\t\t\t<\/div>\n\t\t\t\t<\/div>\n\t\t\t\t\t<\/div>\n\t\t\t\t<\/div>\n\t\t<div class=\"elementor-element elementor-element-2cc60bb e-flex e-con-boxed e-con e-parent\" data-id=\"2cc60bb\" data-element_type=\"container\" data-settings=\"{&quot;content_width&quot;:&quot;boxed&quot;}\" data-core-v316-plus=\"true\">\n\t\t\t\t\t<div class=\"e-con-inner\">\n\t\t<div class=\"elementor-element elementor-element-bea543b e-con-full e-flex e-con e-child\" data-id=\"bea543b\" data-element_type=\"container\" data-settings=\"{&quot;content_width&quot;:&quot;full&quot;}\">\n\t\t\t\t<div class=\"elementor-element elementor-element-f8ea854 elementor-widget elementor-widget-text-editor\" data-id=\"f8ea854\" data-element_type=\"widget\" data-widget_type=\"text-editor.default\">\n\t\t\t\t<div class=\"elementor-widget-container\">\n\t\t\t<style>\/*! elementor - v3.18.0 - 20-12-2023 *\/\n.elementor-widget-text-editor.elementor-drop-cap-view-stacked .elementor-drop-cap{background-color:#69727d;color:#fff}.elementor-widget-text-editor.elementor-drop-cap-view-framed .elementor-drop-cap{color:#69727d;border:3px solid;background-color:transparent}.elementor-widget-text-editor:not(.elementor-drop-cap-view-default) .elementor-drop-cap{margin-top:8px}.elementor-widget-text-editor:not(.elementor-drop-cap-view-default) .elementor-drop-cap-letter{width:1em;height:1em}.elementor-widget-text-editor .elementor-drop-cap{float:left;text-align:center;line-height:1;font-size:50px}.elementor-widget-text-editor .elementor-drop-cap-letter{display:inline-block}<\/style>\t\t\t\t<p>FORMATIONS<\/p><p>\u00a0<\/p>\t\t\t\t\t\t<\/div>\n\t\t\t\t<\/div>\n\t\t\t\t<\/div>\n\t\t<div class=\"elementor-element elementor-element-81af042 e-con-full e-flex e-con e-child\" data-id=\"81af042\" data-element_type=\"container\" data-settings=\"{&quot;content_width&quot;:&quot;full&quot;}\">\n\t\t\t\t<div class=\"elementor-element elementor-element-dae10c9 elementor-widget elementor-widget-text-editor\" data-id=\"dae10c9\" data-element_type=\"widget\" data-widget_type=\"text-editor.default\">\n\t\t\t\t<div class=\"elementor-widget-container\">\n\t\t\t\t\t\t\t<p>SHOP<\/p>\t\t\t\t\t\t<\/div>\n\t\t\t\t<\/div>\n\t\t\t\t<\/div>\n\t\t<div class=\"elementor-element elementor-element-c68b27f e-con-full e-flex e-con e-child\" data-id=\"c68b27f\" data-element_type=\"container\" data-settings=\"{&quot;content_width&quot;:&quot;full&quot;}\">\n\t\t\t\t<div class=\"elementor-element elementor-element-fd0dd69 elementor-widget elementor-widget-text-editor\" data-id=\"fd0dd69\" data-element_type=\"widget\" data-widget_type=\"text-editor.default\">\n\t\t\t\t<div class=\"elementor-widget-container\">\n\t\t\t\t\t\t\t<p>PRESTATIONS<\/p>\t\t\t\t\t\t<\/div>\n\t\t\t\t<\/div>\n\t\t\t\t<\/div>\n\t\t\t\t\t<\/div>\n\t\t\t\t<\/div>\n\t\t\t\t<section class=\"elementor-section elementor-top-section elementor-element elementor-element-b34f644 elementor-section-content-space-between elementor-section-boxed elementor-section-height-default elementor-section-height-default\" data-id=\"b34f644\" data-element_type=\"section\">\n\t\t\t\t\t\t<div class=\"elementor-container elementor-column-gap-default\">\n\t\t\t\t\t<div class=\"elementor-column elementor-col-50 elementor-top-column elementor-element elementor-element-879d3a9\" data-id=\"879d3a9\" data-element_type=\"column\" data-settings=\"{&quot;background_background&quot;:&quot;classic&quot;}\">\n\t\t\t<div class=\"elementor-widget-wrap elementor-element-populated\">\n\t\t\t\t\t\t\t\t<div class=\"elementor-element elementor-element-8ec5b38 elementor-position-top elementor-widget elementor-widget-image-box\" data-id=\"8ec5b38\" data-element_type=\"widget\" data-widget_type=\"image-box.default\">\n\t\t\t\t<div class=\"elementor-widget-container\">\n\t\t\t<style>\/*! elementor - v3.18.0 - 20-12-2023 *\/\n.elementor-widget-image-box .elementor-image-box-content{width:100%}@media (min-width:768px){.elementor-widget-image-box.elementor-position-left .elementor-image-box-wrapper,.elementor-widget-image-box.elementor-position-right .elementor-image-box-wrapper{display:flex}.elementor-widget-image-box.elementor-position-right .elementor-image-box-wrapper{text-align:right;flex-direction:row-reverse}.elementor-widget-image-box.elementor-position-left .elementor-image-box-wrapper{text-align:left;flex-direction:row}.elementor-widget-image-box.elementor-position-top .elementor-image-box-img{margin:auto}.elementor-widget-image-box.elementor-vertical-align-top .elementor-image-box-wrapper{align-items:flex-start}.elementor-widget-image-box.elementor-vertical-align-middle .elementor-image-box-wrapper{align-items:center}.elementor-widget-image-box.elementor-vertical-align-bottom .elementor-image-box-wrapper{align-items:flex-end}}@media (max-width:767px){.elementor-widget-image-box .elementor-image-box-img{margin-left:auto!important;margin-right:auto!important;margin-bottom:15px}}.elementor-widget-image-box .elementor-image-box-img{display:inline-block}.elementor-widget-image-box .elementor-image-box-title a{color:inherit}.elementor-widget-image-box .elementor-image-box-wrapper{text-align:center}.elementor-widget-image-box .elementor-image-box-description{margin:0}<\/style><div class=\"elementor-image-box-wrapper\"><figure class=\"elementor-image-box-img\"><img decoding=\"async\" width=\"1441\" height=\"2560\" src=\"https:\/\/boson.formimpact.site\/wp-content\/uploads\/2023\/11\/20230301_104901-scaled.jpg\" class=\"attachment-full size-full wp-image-478\" alt=\"\" srcset=\"https:\/\/boson.formimpact.site\/wp-content\/uploads\/2023\/11\/20230301_104901-scaled.jpg 1441w, https:\/\/boson.formimpact.site\/wp-content\/uploads\/2023\/11\/20230301_104901-169x300.jpg 169w, https:\/\/boson.formimpact.site\/wp-content\/uploads\/2023\/11\/20230301_104901-577x1024.jpg 577w, https:\/\/boson.formimpact.site\/wp-content\/uploads\/2023\/11\/20230301_104901-768x1364.jpg 768w, https:\/\/boson.formimpact.site\/wp-content\/uploads\/2023\/11\/20230301_104901-865x1536.jpg 865w, https:\/\/boson.formimpact.site\/wp-content\/uploads\/2023\/11\/20230301_104901-1153x2048.jpg 1153w\" sizes=\"(max-width: 1441px) 100vw, 1441px\" \/><\/figure><div class=\"elementor-image-box-content\"><h5 class=\"elementor-image-box-title\">L'aromath\u00e9rapie, l'olfactoth\u00e9rapie et la chromoth\u00e9rapie<\/h5><p class=\"elementor-image-box-description\">L'utilisation des odeurs, des couleurs et des huiles essentielles favorisent le bien-\u00eatre et la sant\u00e9 holistiques.<\/p><\/div><\/div>\t\t<\/div>\n\t\t\t\t<\/div>\n\t\t\t\t<div class=\"elementor-element elementor-element-d517742 elementor-widget elementor-widget-button\" data-id=\"d517742\" data-element_type=\"widget\" data-widget_type=\"button.default\">\n\t\t\t\t<div class=\"elementor-widget-container\">\n\t\t\t\t\t<div class=\"elementor-button-wrapper\">\n\t\t\t<a class=\"elementor-button elementor-button-link elementor-size-sm\" href=\"#\">\n\t\t\t\t\t\t<span class=\"elementor-button-content-wrapper\">\n\t\t\t\t\t\t<span class=\"elementor-button-text\">Read More<\/span>\n\t\t<\/span>\n\t\t\t\t\t<\/a>\n\t\t<\/div>\n\t\t\t\t<\/div>\n\t\t\t\t<\/div>\n\t\t\t\t\t<\/div>\n\t\t<\/div>\n\t\t\t\t<div class=\"elementor-column elementor-col-50 elementor-top-column elementor-element elementor-element-8e51f8f\" data-id=\"8e51f8f\" data-element_type=\"column\">\n\t\t\t<div class=\"elementor-widget-wrap elementor-element-populated\">\n\t\t\t\t\t\t\t\t<div class=\"elementor-element elementor-element-91a20e4 elementor-align-justify elementor-widget elementor-widget-button\" data-id=\"91a20e4\" data-element_type=\"widget\" data-widget_type=\"button.default\">\n\t\t\t\t<div class=\"elementor-widget-container\">\n\t\t\t\t\t<div class=\"elementor-button-wrapper\">\n\t\t\t<a class=\"elementor-button elementor-button-link elementor-size-sm\" href=\"#\" id=\"952632148189605\">\n\t\t\t\t\t\t<span class=\"elementor-button-content-wrapper\">\n\t\t\t\t\t\t<span class=\"elementor-button-text\">Contact<\/span>\n\t\t<\/span>\n\t\t\t\t\t<\/a>\n\t\t<\/div>\n\t\t\t\t<\/div>\n\t\t\t\t<\/div>\n\t\t\t\t<div class=\"elementor-element elementor-element-bcb5ee9 elementor-widget elementor-widget-image\" data-id=\"bcb5ee9\" data-element_type=\"widget\" data-widget_type=\"image.default\">\n\t\t\t\t<div class=\"elementor-widget-container\">\n\t\t\t\t\t\t\t\t\t\t\t\t\t\t\t<img decoding=\"async\" width=\"150\" height=\"150\" src=\"https:\/\/boson.formimpact.site\/wp-content\/uploads\/2023\/11\/20230215_110154-150x150.jpg\" class=\"attachment-thumbnail size-thumbnail wp-image-468\" alt=\"\" \/>\t\t\t\t\t\t\t\t\t\t\t\t\t\t\t<\/div>\n\t\t\t\t<\/div>\n\t\t\t\t<div class=\"elementor-element elementor-element-40eb600 elementor-widget elementor-widget-text-editor\" data-id=\"40eb600\" data-element_type=\"widget\" data-widget_type=\"text-editor.default\">\n\t\t\t\t<div class=\"elementor-widget-container\">\n\t\t\t\t\t\t\t<p>D\u00e9di\u00e9e au bien-\u00eatre complet o\u00f9 la beaut\u00e9 \u00e9mane des sens pour illuminer l&#8217;\u00e2me.<\/p><p>Esth\u00e9ticienne sp\u00e9cialis\u00e9e en soins \u00e9motionnels, esth\u00e9tique pure et soins \u00e9nerg\u00e9tiques.<\/p><p>Rejoignez-moi pour une exp\u00e9rience de beaut\u00e9 holistique!\u00a0<\/p><p>Venez vous former pour acqu\u00e9rir une approche plus pouss\u00e9e de l&#8217;esth\u00e9tique en enrichissant votre relation avec le bien-\u00eatre \u00e9motionnel et physique.<\/p>\t\t\t\t\t\t<\/div>\n\t\t\t\t<\/div>\n\t\t\t\t<div class=\"elementor-element elementor-element-c136471 elementor-align-justify elementor-widget elementor-widget-button\" data-id=\"c136471\" data-element_type=\"widget\" data-widget_type=\"button.default\">\n\t\t\t\t<div class=\"elementor-widget-container\">\n\t\t\t\t\t<div class=\"elementor-button-wrapper\">\n\t\t\t<a class=\"elementor-button elementor-button-link elementor-size-sm\" href=\"#\">\n\t\t\t\t\t\t<span class=\"elementor-button-content-wrapper\">\n\t\t\t\t\t\t<span class=\"elementor-button-text\">Avis<\/span>\n\t\t<\/span>\n\t\t\t\t\t<\/a>\n\t\t<\/div>\n\t\t\t\t<\/div>\n\t\t\t\t<\/div>\n\t\t\t\t\t<\/div>\n\t\t<\/div>\n\t\t\t\t\t\t\t<\/div>\n\t\t<\/section>\n\t\t<div class=\"elementor-element elementor-element-79b988c e-flex e-con-boxed e-con e-parent\" data-id=\"79b988c\" data-element_type=\"container\" data-settings=\"{&quot;content_width&quot;:&quot;boxed&quot;}\" data-core-v316-plus=\"true\">\n\t\t\t\t\t<div class=\"e-con-inner\">\n\t\t\t\t<div class=\"elementor-element elementor-element-e939911 elementor-widget elementor-widget-image\" data-id=\"e939911\" data-element_type=\"widget\" data-widget_type=\"image.default\">\n\t\t\t\t<div class=\"elementor-widget-container\">\n\t\t\t\t\t\t\t\t\t\t\t\t<figure class=\"wp-caption\">\n\t\t\t\t\t\t\t\t\t\t<img loading=\"lazy\" decoding=\"async\" width=\"768\" height=\"1364\" src=\"https:\/\/boson.formimpact.site\/wp-content\/uploads\/2023\/11\/20230301_100507-768x1364.jpg\" class=\"attachment-medium_large size-medium_large wp-image-472\" alt=\"\" srcset=\"https:\/\/boson.formimpact.site\/wp-content\/uploads\/2023\/11\/20230301_100507-768x1364.jpg 768w, https:\/\/boson.formimpact.site\/wp-content\/uploads\/2023\/11\/20230301_100507-169x300.jpg 169w, https:\/\/boson.formimpact.site\/wp-content\/uploads\/2023\/11\/20230301_100507-577x1024.jpg 577w, https:\/\/boson.formimpact.site\/wp-content\/uploads\/2023\/11\/20230301_100507-865x1536.jpg 865w, https:\/\/boson.formimpact.site\/wp-content\/uploads\/2023\/11\/20230301_100507-1153x2048.jpg 1153w, https:\/\/boson.formimpact.site\/wp-content\/uploads\/2023\/11\/20230301_100507-scaled.jpg 1441w\" sizes=\"(max-width: 768px) 100vw, 768px\" \/>\t\t\t\t\t\t\t\t\t\t\t<figcaption class=\"widget-image-caption wp-caption-text\">Les manoeuvres actives n\u00e9cessitent une grande pr\u00e9cision afin de soulager le stress, les maux ou d'am\u00e9liorer la circulation sanguine. Le but \u00e9tant de stimuler des points b\u00e9n\u00e9fiques \u00e0 la sant\u00e9 physique et \u00e9motionnelle.<\/figcaption>\n\t\t\t\t\t\t\t\t\t\t<\/figure>\n\t\t\t\t\t\t\t\t\t<\/div>\n\t\t\t\t<\/div>\n\t\t\t\t\t<\/div>\n\t\t\t\t<\/div>\n\t\t<div class=\"elementor-element elementor-element-e9cd3b5 e-flex e-con-boxed e-con e-parent\" data-id=\"e9cd3b5\" data-element_type=\"container\" data-settings=\"{&quot;content_width&quot;:&quot;boxed&quot;}\" data-core-v316-plus=\"true\">\n\t\t\t\t\t<div class=\"e-con-inner\">\n\t\t<div class=\"elementor-element elementor-element-2cdba3e e-con-full e-flex e-con e-child\" data-id=\"2cdba3e\" data-element_type=\"container\" data-settings=\"{&quot;content_width&quot;:&quot;full&quot;}\">\n\t\t\t\t<div class=\"elementor-element elementor-element-073be0e elementor-widget elementor-widget-image\" data-id=\"073be0e\" data-element_type=\"widget\" data-widget_type=\"image.default\">\n\t\t\t\t<div class=\"elementor-widget-container\">\n\t\t\t\t\t\t\t\t\t\t\t\t\t\t\t<img loading=\"lazy\" decoding=\"async\" width=\"577\" height=\"1024\" src=\"https:\/\/boson.formimpact.site\/wp-content\/uploads\/2023\/11\/20230215_113013-577x1024.jpg\" class=\"attachment-large size-large wp-image-470\" alt=\"\" srcset=\"https:\/\/boson.formimpact.site\/wp-content\/uploads\/2023\/11\/20230215_113013-577x1024.jpg 577w, https:\/\/boson.formimpact.site\/wp-content\/uploads\/2023\/11\/20230215_113013-169x300.jpg 169w, https:\/\/boson.formimpact.site\/wp-content\/uploads\/2023\/11\/20230215_113013-768x1364.jpg 768w, https:\/\/boson.formimpact.site\/wp-content\/uploads\/2023\/11\/20230215_113013-865x1536.jpg 865w, https:\/\/boson.formimpact.site\/wp-content\/uploads\/2023\/11\/20230215_113013-1153x2048.jpg 1153w, https:\/\/boson.formimpact.site\/wp-content\/uploads\/2023\/11\/20230215_113013-scaled.jpg 1441w\" sizes=\"(max-width: 577px) 100vw, 577px\" \/>\t\t\t\t\t\t\t\t\t\t\t\t\t\t\t<\/div>\n\t\t\t\t<\/div>\n\t\t\t\t<\/div>\n\t\t<div class=\"elementor-element elementor-element-d4301e2 e-con-full e-flex e-con e-child\" data-id=\"d4301e2\" data-element_type=\"container\" data-settings=\"{&quot;content_width&quot;:&quot;full&quot;}\">\n\t\t\t\t<div class=\"elementor-element elementor-element-c1c9012 elementor-widget elementor-widget-image\" data-id=\"c1c9012\" data-element_type=\"widget\" data-widget_type=\"image.default\">\n\t\t\t\t<div class=\"elementor-widget-container\">\n\t\t\t\t\t\t\t\t\t\t\t\t\t\t\t<img loading=\"lazy\" decoding=\"async\" width=\"577\" height=\"1024\" src=\"https:\/\/boson.formimpact.site\/wp-content\/uploads\/2023\/11\/20230301_115121-577x1024.jpg\" class=\"attachment-large size-large wp-image-481\" alt=\"\" srcset=\"https:\/\/boson.formimpact.site\/wp-content\/uploads\/2023\/11\/20230301_115121-577x1024.jpg 577w, https:\/\/boson.formimpact.site\/wp-content\/uploads\/2023\/11\/20230301_115121-169x300.jpg 169w, https:\/\/boson.formimpact.site\/wp-content\/uploads\/2023\/11\/20230301_115121-768x1364.jpg 768w, https:\/\/boson.formimpact.site\/wp-content\/uploads\/2023\/11\/20230301_115121-865x1536.jpg 865w, https:\/\/boson.formimpact.site\/wp-content\/uploads\/2023\/11\/20230301_115121-1153x2048.jpg 1153w, https:\/\/boson.formimpact.site\/wp-content\/uploads\/2023\/11\/20230301_115121-scaled.jpg 1441w\" sizes=\"(max-width: 577px) 100vw, 577px\" \/>\t\t\t\t\t\t\t\t\t\t\t\t\t\t\t<\/div>\n\t\t\t\t<\/div>\n\t\t\t\t<\/div>\n\t\t\t\t\t<\/div>\n\t\t\t\t<\/div>\n\t\t<div class=\"elementor-element elementor-element-89887ca e-flex e-con-boxed e-con e-parent\" data-id=\"89887ca\" data-element_type=\"container\" data-settings=\"{&quot;content_width&quot;:&quot;boxed&quot;}\" data-core-v316-plus=\"true\">\n\t\t\t\t\t<div class=\"e-con-inner\">\n\t\t\t\t<div class=\"elementor-element elementor-element-b4725d0 elementor-widget elementor-widget-text-editor\" data-id=\"b4725d0\" data-element_type=\"widget\" data-widget_type=\"text-editor.default\">\n\t\t\t\t<div class=\"elementor-widget-container\">\n\t\t\t\t\t\t\t<p>Les modelages des mains et des pieds procurent relaxation, am\u00e9lioration de la circulation sanguine et favorise le bien-\u00eatre g\u00e9n\u00e9ral. Ces modelages sont les piliers d&#8217;un modelage corps. C&#8217;est la o\u00f9 se situent les points de r\u00e9flexologie reliant les organes internes de notre corps. Les mains, les pieds ainsi que les organes sont \u00e9troitement li\u00e9s.<\/p>\t\t\t\t\t\t<\/div>\n\t\t\t\t<\/div>\n\t\t\t\t\t<\/div>\n\t\t\t\t<\/div>\n\t\t\t\t\t\t\t<\/div>\n\t\t","protected":false},"excerpt":{"rendered":"<p>FORMATIONS \u00a0 SHOP PRESTATIONS L&#8217;aromath\u00e9rapie, l&#8217;olfactoth\u00e9rapie et la chromoth\u00e9rapie L&#8217;utilisation des odeurs, des couleurs et des huiles essentielles favorisent le bien-\u00eatre et la sant\u00e9 holistiques. Read More Contact D\u00e9di\u00e9e au bien-\u00eatre complet o\u00f9 la beaut\u00e9 \u00e9mane des sens pour illuminer l&#8217;\u00e2me. Esth\u00e9ticienne sp\u00e9cialis\u00e9e en soins \u00e9motionnels, esth\u00e9tique pure et soins \u00e9nerg\u00e9tiques. Rejoignez-moi pour une exp\u00e9rience [&hellip;]<\/p>\n","protected":false},"author":1,"featured_media":0,"parent":0,"menu_order":0,"comment_status":"closed","ping_status":"closed","template":"","meta":{"_eb_attr":"","footnotes":""},"_links":{"self":[{"href":"https:\/\/boson.formimpact.site\/index.php\/wp-json\/wp\/v2\/pages\/14"}],"collection":[{"href":"https:\/\/boson.formimpact.site\/index.php\/wp-json\/wp\/v2\/pages"}],"about":[{"href":"https:\/\/boson.formimpact.site\/index.php\/wp-json\/wp\/v2\/types\/page"}],"author":[{"embeddable":true,"href":"https:\/\/boson.formimpact.site\/index.php\/wp-json\/wp\/v2\/users\/1"}],"replies":[{"embeddable":true,"href":"https:\/\/boson.formimpact.site\/index.php\/wp-json\/wp\/v2\/comments?post=14"}],"version-history":[{"count":26,"href":"https:\/\/boson.formimpact.site\/index.php\/wp-json\/wp\/v2\/pages\/14\/revisions"}],"predecessor-version":[{"id":518,"href":"https:\/\/boson.formimpact.site\/index.php\/wp-json\/wp\/v2\/pages\/14\/revisions\/518"}],"wp:attachment":[{"href":"https:\/\/boson.formimpact.site\/index.php\/wp-json\/wp\/v2\/media?parent=14"}],"curies":[{"name":"wp","href":"https:\/\/api.w.org\/{rel}","templated":true}]}}